{"id":341,"date":"2020-12-16T14:57:39","date_gmt":"2020-12-16T12:57:39","guid":{"rendered":"https:\/\/lepszytata.ojcowskastronamocy.pl\/?post_type=product&#038;p=341"},"modified":"2022-04-22T12:45:26","modified_gmt":"2022-04-22T10:45:26","slug":"koszulka-lepszy-tata-granatowa-premium","status":"publish","type":"product","link":"https:\/\/lepszytata.ojcowskastronamocy.pl\/?product=koszulka-lepszy-tata-granatowa-premium","title":{"rendered":"Koszulka Lepszy Tata granatowa Premium"},"content":{"rendered":"<p>Koszulka premium w kolorze granatowym o klasycznym kroju, wykonana jest w 100% z bawe\u0142ny stabilizowanej o <strong>wysokiej gramaturze 190g\/m2.<\/strong><br \/>\nDwukolorowy nadruk, przedstawiaj\u0105cy <a href=\"https:\/\/www.facebook.com\/groups\/LepszyTata\/\" target=\"_blank\" rel=\"noopener noreferrer\">logo spo\u0142eczno\u015bci Lepszy Tata \u2013 ojcowskie inspiracje<\/a>, wykonany jest metod\u0105 termotransferu.<br \/>\nKoszulka dost\u0119pna w dziewi\u0119ciu rozmiarach od XS do 5XL. Zapoznaj si\u0119 z jej dok\u0142adnymi wymiarami w cm, poniewa\u017c koszulki s\u0105 wi\u0119ksze od standardowych.<\/p>\n<p>Wypierz koszulk\u0119 przed pierwszym u\u017cyciem. Aby zachowa\u0107 koszulk\u0119 w jak najlepszym stanie przez d\u0142ugi czas, zalecamy <strong>pranie w temperaturze do 40\u00b0C w delikatnych \u015brodkach pior\u0105cych.<\/strong> Pami\u0119taj o prze\u0142o\u017ceniu koszulki na lew\u0105 stron\u0119 (r\u00f3wnie\u017c do prasowania) oraz stosuj mo\u017cliwie niskie obroty wirowania w pralce (400-500 obr.\/min.). Ewentualnie pierz r\u0119cznie bez pocierania o nadruk. Po praniu nadruki robi\u0105 si\u0119 prawie niewyczuwalne w dotyku, s\u0105 mi\u0119kkie jak koszulka.<\/p>\n","protected":false},"excerpt":{"rendered":"<p>Je\u015bli chcesz pokaza\u0107, \u017ce zale\u017cy ci na stawaniu si\u0119 coraz Lepszym Tat\u0105 a rozw\u00f3j naszej spo\u0142eczno\u015bci le\u017cy ci na sercu, ta koszulka jest dla Ciebie. ?\u2764\ufe0f?<\/p>\n","protected":false},"featured_media":224,"template":"","meta":[],"product_cat":[18],"product_tag":[],"_links":{"self":[{"href":"https:\/\/lepszytata.ojcowskastronamocy.pl\/index.php?rest_route=\/wp\/v2\/product\/341"}],"collection":[{"href":"https:\/\/lepszytata.ojcowskastronamocy.pl\/index.php?rest_route=\/wp\/v2\/product"}],"about":[{"href":"https:\/\/lepszytata.ojcowskastronamocy.pl\/index.php?rest_route=\/wp\/v2\/types\/product"}],"wp:featuredmedia":[{"embeddable":true,"href":"https:\/\/lepszytata.ojcowskastronamocy.pl\/index.php?rest_route=\/wp\/v2\/media\/224"}],"wp:attachment":[{"href":"https:\/\/lepszytata.ojcowskastronamocy.pl\/index.php?rest_route=%2Fwp%2Fv2%2Fmedia&parent=341"}],"wp:term":[{"taxonomy":"product_cat","embeddable":true,"href":"https:\/\/lepszytata.ojcowskastronamocy.pl\/index.php?rest_route=%2Fwp%2Fv2%2Fproduct_cat&post=341"},{"taxonomy":"product_tag","embeddable":true,"href":"https:\/\/lepszytata.ojcowskastronamocy.pl\/index.php?rest_route=%2Fwp%2Fv2%2Fproduct_tag&post=341"}],"curies":[{"name":"wp","href":"https:\/\/api.w.org\/{rel}","templated":true}]}}