{"id":51,"date":"2020-09-25T17:37:04","date_gmt":"2020-09-25T17:37:04","guid":{"rendered":"https:\/\/lepszytata.ojcowskastronamocy.pl\/?page_id=51"},"modified":"2020-09-25T17:37:05","modified_gmt":"2020-09-25T17:37:05","slug":"strona-glowna-2","status":"publish","type":"page","link":"https:\/\/lepszytata.ojcowskastronamocy.pl\/?page_id=51","title":{"rendered":"Strona g\u0142\u00f3wna"},"content":{"rendered":"\n\t\t\t<div class=\"wp-block-cover\" style=\"background-image:url(https:\/\/lepszytata.ojcowskastronamocy.pl\/wp-content\/uploads\/2020\/09\/other-small.jpg)\"><div class=\"wp-block-cover__inner-container\">\n\t\t\t<p class=\"has-text-align-center has-large-font-size\">Witamy w sklepie<\/p>\n\t\t\t\n\n\t\t\t\n\t\t\t<p class=\"has-text-color has-text-align-center\">Napisz kr\u00f3tk\u0105 wiadomo\u015b\u0107 powitaln\u0105<\/p>\n\t\t\t\n\n\t\t\t\n\t\t\t<div class=\"wp-block-button aligncenter\"><a href=\"https:\/\/lepszytata.ojcowskastronamocy.pl\/?page_id=6\" class=\"wp-block-button__link\">Przejd\u017a do zakup\u00f3w<\/a><\/div>\n\t\t\t<\/div><\/div>\n\t\t\t\n\t\t\t\t\n\t\t\t\t<h2 style=\"text-align:center\">Kupuj wg kategorii<\/h2>\n\t\t\t\t\n\t\t\t\t<div class=\"woocommerce columns-4\"><ul class=\"products columns-4\">\n<li class=\"product-category product first\">\n\t<a href=\"https:\/\/lepszytata.ojcowskastronamocy.pl\/?product_cat=tshirts\"><img src=\"https:\/\/lepszytata.ojcowskastronamocy.pl\/wp-content\/uploads\/2020\/09\/tshirts-324x324.jpg\" alt=\"Koszulki\" width=\"324\" height=\"324\" srcset=\"https:\/\/lepszytata.ojcowskastronamocy.pl\/wp-content\/uploads\/2020\/09\/tshirts-324x324.jpg 324w, https:\/\/lepszytata.ojcowskastronamocy.pl\/wp-content\/uploads\/2020\/09\/tshirts-100x100.jpg 100w, https:\/\/lepszytata.ojcowskastronamocy.pl\/wp-content\/uploads\/2020\/09\/tshirts-416x416.jpg 416w, https:\/\/lepszytata.ojcowskastronamocy.pl\/wp-content\/uploads\/2020\/09\/tshirts-300x300.jpg 300w, https:\/\/lepszytata.ojcowskastronamocy.pl\/wp-content\/uploads\/2020\/09\/tshirts-150x150.jpg 150w, https:\/\/lepszytata.ojcowskastronamocy.pl\/wp-content\/uploads\/2020\/09\/tshirts-768x768.jpg 768w, https:\/\/lepszytata.ojcowskastronamocy.pl\/wp-content\/uploads\/2020\/09\/tshirts.jpg 801w\" sizes=\"(max-width: 324px) 100vw, 324px\" \/>\t\t<h2 class=\"woocommerce-loop-category__title\">\n\t\t\tKoszulki <mark class=\"count\">(3)<\/mark>\t\t<\/h2>\n\t\t<\/a><\/li>\n<\/ul>\n<\/div>\n\n\t\t\t\t\n\t\t\t\t<h2 style=\"text-align:center\">Nowe<\/h2>\n\t\t\t\t\n\t\t\t\t<div data-block-name=\"woocommerce\/product-new\" data-columns=\"4\" class=\"wc-block-grid wp-block-product-new wc-block-product-new has-4-columns has-multiple-rows\"><ul class=\"wc-block-grid__products\"><li class=\"wc-block-grid__product\">\n\t\t\t\t<a href=\"https:\/\/lepszytata.ojcowskastronamocy.pl\/?product=koszulka-lepszy-tata-czarna-premium\" class=\"wc-block-grid__product-link\">\n\t\t\t\t\t<div class=\"wc-block-grid__product-image\"><img width=\"324\" height=\"324\" src=\"https:\/\/lepszytata.ojcowskastronamocy.pl\/wp-content\/uploads\/2020\/11\/visual_czarna-324x324.jpg\" class=\"attachment-woocommerce_thumbnail size-woocommerce_thumbnail\" alt=\"Koszulka Lepszy Tata czarna Premium\" decoding=\"async\" loading=\"lazy\" srcset=\"https:\/\/lepszytata.ojcowskastronamocy.pl\/wp-content\/uploads\/2020\/11\/visual_czarna-324x324.jpg 324w, https:\/\/lepszytata.ojcowskastronamocy.pl\/wp-content\/uploads\/2020\/11\/visual_czarna-300x300.jpg 300w, https:\/\/lepszytata.ojcowskastronamocy.pl\/wp-content\/uploads\/2020\/11\/visual_czarna-150x150.jpg 150w, https:\/\/lepszytata.ojcowskastronamocy.pl\/wp-content\/uploads\/2020\/11\/visual_czarna-768x768.jpg 768w, https:\/\/lepszytata.ojcowskastronamocy.pl\/wp-content\/uploads\/2020\/11\/visual_czarna-416x416.jpg 416w, https:\/\/lepszytata.ojcowskastronamocy.pl\/wp-content\/uploads\/2020\/11\/visual_czarna-100x100.jpg 100w, https:\/\/lepszytata.ojcowskastronamocy.pl\/wp-content\/uploads\/2020\/11\/visual_czarna.jpg 800w\" sizes=\"(max-width: 324px) 100vw, 324px\" \/><\/div>\n\t\t\t\t\t<div class=\"wc-block-grid__product-title\">Koszulka Lepszy Tata czarna Premium<\/div>\n\t\t\t\t<\/a>\n\t\t\t\t\n\t\t\t\t<div class=\"wc-block-grid__product-price price\"><span class=\"woocommerce-Price-amount amount\">69,00<span class=\"woocommerce-Price-currencySymbol\">&#122;&#322;<\/span><\/span><\/div>\n\t\t\t\t\n\t\t\t\t<div class=\"wp-block-button wc-block-grid__product-add-to-cart\"><a href=\"https:\/\/lepszytata.ojcowskastronamocy.pl\/?product=koszulka-lepszy-tata-czarna-premium\" aria-label=\"Wybierz opcje dla &bdquo;Koszulka Lepszy Tata czarna Premium&rdquo;\" data-quantity=\"1\" data-product_id=\"360\" data-product_sku=\"LT_czarna_premium\" rel=\"nofollow\" class=\"wp-block-button__link wp-element-button add_to_cart_button\">Wybierz opcje<\/a><\/div>\n\t\t\t<\/li><li class=\"wc-block-grid__product\">\n\t\t\t\t<a href=\"https:\/\/lepszytata.ojcowskastronamocy.pl\/?product=koszulka-lepszy-tata-granatowa-premium\" class=\"wc-block-grid__product-link\">\n\t\t\t\t\t<div class=\"wc-block-grid__product-image\"><img width=\"324\" height=\"324\" src=\"https:\/\/lepszytata.ojcowskastronamocy.pl\/wp-content\/uploads\/2020\/11\/visual_granat-324x324.jpg\" class=\"attachment-woocommerce_thumbnail size-woocommerce_thumbnail\" alt=\"Koszulka Lepszy Tata granatowa Premium\" decoding=\"async\" loading=\"lazy\" srcset=\"https:\/\/lepszytata.ojcowskastronamocy.pl\/wp-content\/uploads\/2020\/11\/visual_granat-324x324.jpg 324w, https:\/\/lepszytata.ojcowskastronamocy.pl\/wp-content\/uploads\/2020\/11\/visual_granat-300x300.jpg 300w, https:\/\/lepszytata.ojcowskastronamocy.pl\/wp-content\/uploads\/2020\/11\/visual_granat-150x150.jpg 150w, https:\/\/lepszytata.ojcowskastronamocy.pl\/wp-content\/uploads\/2020\/11\/visual_granat-768x768.jpg 768w, https:\/\/lepszytata.ojcowskastronamocy.pl\/wp-content\/uploads\/2020\/11\/visual_granat-416x416.jpg 416w, https:\/\/lepszytata.ojcowskastronamocy.pl\/wp-content\/uploads\/2020\/11\/visual_granat-100x100.jpg 100w, https:\/\/lepszytata.ojcowskastronamocy.pl\/wp-content\/uploads\/2020\/11\/visual_granat.jpg 800w\" sizes=\"(max-width: 324px) 100vw, 324px\" \/><\/div>\n\t\t\t\t\t<div class=\"wc-block-grid__product-title\">Koszulka Lepszy Tata granatowa Premium<\/div>\n\t\t\t\t<\/a>\n\t\t\t\t\n\t\t\t\t<div class=\"wc-block-grid__product-price price\"><span class=\"woocommerce-Price-amount amount\">69,00<span class=\"woocommerce-Price-currencySymbol\">&#122;&#322;<\/span><\/span><\/div>\n\t\t\t\t\n\t\t\t\t<div class=\"wp-block-button wc-block-grid__product-add-to-cart\"><a href=\"https:\/\/lepszytata.ojcowskastronamocy.pl\/?product=koszulka-lepszy-tata-granatowa-premium\" aria-label=\"Wybierz opcje dla &bdquo;Koszulka Lepszy Tata granatowa Premium&rdquo;\" data-quantity=\"1\" data-product_id=\"341\" data-product_sku=\"LT_granat_premium\" rel=\"nofollow\" class=\"wp-block-button__link wp-element-button add_to_cart_button\">Wybierz opcje<\/a><\/div>\n\t\t\t<\/li><li class=\"wc-block-grid__product\">\n\t\t\t\t<a href=\"https:\/\/lepszytata.ojcowskastronamocy.pl\/?product=koszulka-lepszy-tata-biala-premium\" class=\"wc-block-grid__product-link\">\n\t\t\t\t\t<div class=\"wc-block-grid__product-image\"><img width=\"324\" height=\"324\" src=\"https:\/\/lepszytata.ojcowskastronamocy.pl\/wp-content\/uploads\/2020\/09\/visual_biala-324x324.jpg\" class=\"attachment-woocommerce_thumbnail size-woocommerce_thumbnail\" alt=\"Koszulka Lepszy Tata bia\u0142a Premium\" decoding=\"async\" loading=\"lazy\" srcset=\"https:\/\/lepszytata.ojcowskastronamocy.pl\/wp-content\/uploads\/2020\/09\/visual_biala-324x324.jpg 324w, https:\/\/lepszytata.ojcowskastronamocy.pl\/wp-content\/uploads\/2020\/09\/visual_biala-300x300.jpg 300w, https:\/\/lepszytata.ojcowskastronamocy.pl\/wp-content\/uploads\/2020\/09\/visual_biala-150x150.jpg 150w, https:\/\/lepszytata.ojcowskastronamocy.pl\/wp-content\/uploads\/2020\/09\/visual_biala-768x768.jpg 768w, https:\/\/lepszytata.ojcowskastronamocy.pl\/wp-content\/uploads\/2020\/09\/visual_biala-416x416.jpg 416w, https:\/\/lepszytata.ojcowskastronamocy.pl\/wp-content\/uploads\/2020\/09\/visual_biala-100x100.jpg 100w, https:\/\/lepszytata.ojcowskastronamocy.pl\/wp-content\/uploads\/2020\/09\/visual_biala.jpg 800w\" sizes=\"(max-width: 324px) 100vw, 324px\" \/><\/div>\n\t\t\t\t\t<div class=\"wc-block-grid__product-title\">Koszulka Lepszy Tata bia\u0142a Premium<\/div>\n\t\t\t\t<\/a>\n\t\t\t\t\n\t\t\t\t<div class=\"wc-block-grid__product-price price\"><span class=\"woocommerce-Price-amount amount\">69,00<span class=\"woocommerce-Price-currencySymbol\">&#122;&#322;<\/span><\/span><\/div>\n\t\t\t\t\n\t\t\t\t<div class=\"wp-block-button wc-block-grid__product-add-to-cart\"><a href=\"https:\/\/lepszytata.ojcowskastronamocy.pl\/?product=koszulka-lepszy-tata-biala-premium\" aria-label=\"Wybierz opcje dla &bdquo;Koszulka Lepszy Tata bia\u0142a Premium&rdquo;\" data-quantity=\"1\" data-product_id=\"325\" data-product_sku=\"LT_biala_premium\" rel=\"nofollow\" class=\"wp-block-button__link wp-element-button add_to_cart_button\">Wybierz opcje<\/a><\/div>\n\t\t\t<\/li><\/ul><\/div>\n\t\t\t\t\n\t\t\t\t<h2 style=\"text-align:center\">Ulubione<\/h2>\n\t\t\t\t\n\t\t\t\t<div data-block-name=\"woocommerce\/product-top-rated\" data-columns=\"4\" class=\"wc-block-grid wp-block-product-top-rated wc-block-product-top-rated has-4-columns has-multiple-rows\"><ul class=\"wc-block-grid__products\"><li class=\"wc-block-grid__product\">\n\t\t\t\t<a href=\"https:\/\/lepszytata.ojcowskastronamocy.pl\/?product=koszulka-lepszy-tata-czarna-premium\" class=\"wc-block-grid__product-link\">\n\t\t\t\t\t<div class=\"wc-block-grid__product-image\"><img width=\"324\" height=\"324\" src=\"https:\/\/lepszytata.ojcowskastronamocy.pl\/wp-content\/uploads\/2020\/11\/visual_czarna-324x324.jpg\" class=\"attachment-woocommerce_thumbnail size-woocommerce_thumbnail\" alt=\"Koszulka Lepszy Tata czarna Premium\" decoding=\"async\" loading=\"lazy\" srcset=\"https:\/\/lepszytata.ojcowskastronamocy.pl\/wp-content\/uploads\/2020\/11\/visual_czarna-324x324.jpg 324w, https:\/\/lepszytata.ojcowskastronamocy.pl\/wp-content\/uploads\/2020\/11\/visual_czarna-300x300.jpg 300w, https:\/\/lepszytata.ojcowskastronamocy.pl\/wp-content\/uploads\/2020\/11\/visual_czarna-150x150.jpg 150w, https:\/\/lepszytata.ojcowskastronamocy.pl\/wp-content\/uploads\/2020\/11\/visual_czarna-768x768.jpg 768w, https:\/\/lepszytata.ojcowskastronamocy.pl\/wp-content\/uploads\/2020\/11\/visual_czarna-416x416.jpg 416w, https:\/\/lepszytata.ojcowskastronamocy.pl\/wp-content\/uploads\/2020\/11\/visual_czarna-100x100.jpg 100w, https:\/\/lepszytata.ojcowskastronamocy.pl\/wp-content\/uploads\/2020\/11\/visual_czarna.jpg 800w\" sizes=\"(max-width: 324px) 100vw, 324px\" \/><\/div>\n\t\t\t\t\t<div class=\"wc-block-grid__product-title\">Koszulka Lepszy Tata czarna Premium<\/div>\n\t\t\t\t<\/a>\n\t\t\t\t\n\t\t\t\t<div class=\"wc-block-grid__product-price price\"><span class=\"woocommerce-Price-amount amount\">69,00<span class=\"woocommerce-Price-currencySymbol\">&#122;&#322;<\/span><\/span><\/div>\n\t\t\t\t\n\t\t\t\t<div class=\"wp-block-button wc-block-grid__product-add-to-cart\"><a href=\"https:\/\/lepszytata.ojcowskastronamocy.pl\/?product=koszulka-lepszy-tata-czarna-premium\" aria-label=\"Wybierz opcje dla &bdquo;Koszulka Lepszy Tata czarna Premium&rdquo;\" data-quantity=\"1\" data-product_id=\"360\" data-product_sku=\"LT_czarna_premium\" rel=\"nofollow\" class=\"wp-block-button__link wp-element-button add_to_cart_button\">Wybierz opcje<\/a><\/div>\n\t\t\t<\/li><li class=\"wc-block-grid__product\">\n\t\t\t\t<a href=\"https:\/\/lepszytata.ojcowskastronamocy.pl\/?product=koszulka-lepszy-tata-granatowa-premium\" class=\"wc-block-grid__product-link\">\n\t\t\t\t\t<div class=\"wc-block-grid__product-image\"><img width=\"324\" height=\"324\" src=\"https:\/\/lepszytata.ojcowskastronamocy.pl\/wp-content\/uploads\/2020\/11\/visual_granat-324x324.jpg\" class=\"attachment-woocommerce_thumbnail size-woocommerce_thumbnail\" alt=\"Koszulka Lepszy Tata granatowa Premium\" decoding=\"async\" loading=\"lazy\" srcset=\"https:\/\/lepszytata.ojcowskastronamocy.pl\/wp-content\/uploads\/2020\/11\/visual_granat-324x324.jpg 324w, https:\/\/lepszytata.ojcowskastronamocy.pl\/wp-content\/uploads\/2020\/11\/visual_granat-300x300.jpg 300w, https:\/\/lepszytata.ojcowskastronamocy.pl\/wp-content\/uploads\/2020\/11\/visual_granat-150x150.jpg 150w, https:\/\/lepszytata.ojcowskastronamocy.pl\/wp-content\/uploads\/2020\/11\/visual_granat-768x768.jpg 768w, https:\/\/lepszytata.ojcowskastronamocy.pl\/wp-content\/uploads\/2020\/11\/visual_granat-416x416.jpg 416w, https:\/\/lepszytata.ojcowskastronamocy.pl\/wp-content\/uploads\/2020\/11\/visual_granat-100x100.jpg 100w, https:\/\/lepszytata.ojcowskastronamocy.pl\/wp-content\/uploads\/2020\/11\/visual_granat.jpg 800w\" sizes=\"(max-width: 324px) 100vw, 324px\" \/><\/div>\n\t\t\t\t\t<div class=\"wc-block-grid__product-title\">Koszulka Lepszy Tata granatowa Premium<\/div>\n\t\t\t\t<\/a>\n\t\t\t\t\n\t\t\t\t<div class=\"wc-block-grid__product-price price\"><span class=\"woocommerce-Price-amount amount\">69,00<span class=\"woocommerce-Price-currencySymbol\">&#122;&#322;<\/span><\/span><\/div>\n\t\t\t\t\n\t\t\t\t<div class=\"wp-block-button wc-block-grid__product-add-to-cart\"><a href=\"https:\/\/lepszytata.ojcowskastronamocy.pl\/?product=koszulka-lepszy-tata-granatowa-premium\" aria-label=\"Wybierz opcje dla &bdquo;Koszulka Lepszy Tata granatowa Premium&rdquo;\" data-quantity=\"1\" data-product_id=\"341\" data-product_sku=\"LT_granat_premium\" rel=\"nofollow\" class=\"wp-block-button__link wp-element-button add_to_cart_button\">Wybierz opcje<\/a><\/div>\n\t\t\t<\/li><li class=\"wc-block-grid__product\">\n\t\t\t\t<a href=\"https:\/\/lepszytata.ojcowskastronamocy.pl\/?product=koszulka-lepszy-tata-biala-premium\" class=\"wc-block-grid__product-link\">\n\t\t\t\t\t<div class=\"wc-block-grid__product-image\"><img width=\"324\" height=\"324\" src=\"https:\/\/lepszytata.ojcowskastronamocy.pl\/wp-content\/uploads\/2020\/09\/visual_biala-324x324.jpg\" class=\"attachment-woocommerce_thumbnail size-woocommerce_thumbnail\" alt=\"Koszulka Lepszy Tata bia\u0142a Premium\" decoding=\"async\" loading=\"lazy\" srcset=\"https:\/\/lepszytata.ojcowskastronamocy.pl\/wp-content\/uploads\/2020\/09\/visual_biala-324x324.jpg 324w, https:\/\/lepszytata.ojcowskastronamocy.pl\/wp-content\/uploads\/2020\/09\/visual_biala-300x300.jpg 300w, https:\/\/lepszytata.ojcowskastronamocy.pl\/wp-content\/uploads\/2020\/09\/visual_biala-150x150.jpg 150w, https:\/\/lepszytata.ojcowskastronamocy.pl\/wp-content\/uploads\/2020\/09\/visual_biala-768x768.jpg 768w, https:\/\/lepszytata.ojcowskastronamocy.pl\/wp-content\/uploads\/2020\/09\/visual_biala-416x416.jpg 416w, https:\/\/lepszytata.ojcowskastronamocy.pl\/wp-content\/uploads\/2020\/09\/visual_biala-100x100.jpg 100w, https:\/\/lepszytata.ojcowskastronamocy.pl\/wp-content\/uploads\/2020\/09\/visual_biala.jpg 800w\" sizes=\"(max-width: 324px) 100vw, 324px\" \/><\/div>\n\t\t\t\t\t<div class=\"wc-block-grid__product-title\">Koszulka Lepszy Tata bia\u0142a Premium<\/div>\n\t\t\t\t<\/a>\n\t\t\t\t\n\t\t\t\t<div class=\"wc-block-grid__product-price price\"><span class=\"woocommerce-Price-amount amount\">69,00<span class=\"woocommerce-Price-currencySymbol\">&#122;&#322;<\/span><\/span><\/div>\n\t\t\t\t\n\t\t\t\t<div class=\"wp-block-button wc-block-grid__product-add-to-cart\"><a href=\"https:\/\/lepszytata.ojcowskastronamocy.pl\/?product=koszulka-lepszy-tata-biala-premium\" aria-label=\"Wybierz opcje dla &bdquo;Koszulka Lepszy Tata bia\u0142a Premium&rdquo;\" data-quantity=\"1\" data-product_id=\"325\" data-product_sku=\"LT_biala_premium\" rel=\"nofollow\" class=\"wp-block-button__link wp-element-button add_to_cart_button\">Wybierz opcje<\/a><\/div>\n\t\t\t<\/li><\/ul><\/div>\n\t\t\t\t\n\t\t\t\t<h2 style=\"text-align:center\">W promocji<\/h2>\n\t\t\t\t\n\t\t\t\t\n\t\t\t\t\n\t\t\t\t<h2 style=\"text-align:center\">Bestsellery<\/h2>\n\t\t\t\t\n\t\t\t\t<div data-block-name=\"woocommerce\/product-best-sellers\" data-columns=\"4\" class=\"wc-block-grid wp-block-product-best-sellers wc-block-product-best-sellers has-4-columns has-multiple-rows\"><ul class=\"wc-block-grid__products\"><li class=\"wc-block-grid__product\">\n\t\t\t\t<a href=\"https:\/\/lepszytata.ojcowskastronamocy.pl\/?product=koszulka-lepszy-tata-biala-premium\" class=\"wc-block-grid__product-link\">\n\t\t\t\t\t<div class=\"wc-block-grid__product-image\"><img width=\"324\" height=\"324\" src=\"https:\/\/lepszytata.ojcowskastronamocy.pl\/wp-content\/uploads\/2020\/09\/visual_biala-324x324.jpg\" class=\"attachment-woocommerce_thumbnail size-woocommerce_thumbnail\" alt=\"Koszulka Lepszy Tata bia\u0142a Premium\" decoding=\"async\" loading=\"lazy\" srcset=\"https:\/\/lepszytata.ojcowskastronamocy.pl\/wp-content\/uploads\/2020\/09\/visual_biala-324x324.jpg 324w, https:\/\/lepszytata.ojcowskastronamocy.pl\/wp-content\/uploads\/2020\/09\/visual_biala-300x300.jpg 300w, https:\/\/lepszytata.ojcowskastronamocy.pl\/wp-content\/uploads\/2020\/09\/visual_biala-150x150.jpg 150w, https:\/\/lepszytata.ojcowskastronamocy.pl\/wp-content\/uploads\/2020\/09\/visual_biala-768x768.jpg 768w, https:\/\/lepszytata.ojcowskastronamocy.pl\/wp-content\/uploads\/2020\/09\/visual_biala-416x416.jpg 416w, https:\/\/lepszytata.ojcowskastronamocy.pl\/wp-content\/uploads\/2020\/09\/visual_biala-100x100.jpg 100w, https:\/\/lepszytata.ojcowskastronamocy.pl\/wp-content\/uploads\/2020\/09\/visual_biala.jpg 800w\" sizes=\"(max-width: 324px) 100vw, 324px\" \/><\/div>\n\t\t\t\t\t<div class=\"wc-block-grid__product-title\">Koszulka Lepszy Tata bia\u0142a Premium<\/div>\n\t\t\t\t<\/a>\n\t\t\t\t\n\t\t\t\t<div class=\"wc-block-grid__product-price price\"><span class=\"woocommerce-Price-amount amount\">69,00<span class=\"woocommerce-Price-currencySymbol\">&#122;&#322;<\/span><\/span><\/div>\n\t\t\t\t\n\t\t\t\t<div class=\"wp-block-button wc-block-grid__product-add-to-cart\"><a href=\"https:\/\/lepszytata.ojcowskastronamocy.pl\/?product=koszulka-lepszy-tata-biala-premium\" aria-label=\"Wybierz opcje dla &bdquo;Koszulka Lepszy Tata bia\u0142a Premium&rdquo;\" data-quantity=\"1\" data-product_id=\"325\" data-product_sku=\"LT_biala_premium\" rel=\"nofollow\" class=\"wp-block-button__link wp-element-button add_to_cart_button\">Wybierz opcje<\/a><\/div>\n\t\t\t<\/li><li class=\"wc-block-grid__product\">\n\t\t\t\t<a href=\"https:\/\/lepszytata.ojcowskastronamocy.pl\/?product=koszulka-lepszy-tata-czarna-premium\" class=\"wc-block-grid__product-link\">\n\t\t\t\t\t<div class=\"wc-block-grid__product-image\"><img width=\"324\" height=\"324\" src=\"https:\/\/lepszytata.ojcowskastronamocy.pl\/wp-content\/uploads\/2020\/11\/visual_czarna-324x324.jpg\" class=\"attachment-woocommerce_thumbnail size-woocommerce_thumbnail\" alt=\"Koszulka Lepszy Tata czarna Premium\" decoding=\"async\" loading=\"lazy\" srcset=\"https:\/\/lepszytata.ojcowskastronamocy.pl\/wp-content\/uploads\/2020\/11\/visual_czarna-324x324.jpg 324w, https:\/\/lepszytata.ojcowskastronamocy.pl\/wp-content\/uploads\/2020\/11\/visual_czarna-300x300.jpg 300w, https:\/\/lepszytata.ojcowskastronamocy.pl\/wp-content\/uploads\/2020\/11\/visual_czarna-150x150.jpg 150w, https:\/\/lepszytata.ojcowskastronamocy.pl\/wp-content\/uploads\/2020\/11\/visual_czarna-768x768.jpg 768w, https:\/\/lepszytata.ojcowskastronamocy.pl\/wp-content\/uploads\/2020\/11\/visual_czarna-416x416.jpg 416w, https:\/\/lepszytata.ojcowskastronamocy.pl\/wp-content\/uploads\/2020\/11\/visual_czarna-100x100.jpg 100w, https:\/\/lepszytata.ojcowskastronamocy.pl\/wp-content\/uploads\/2020\/11\/visual_czarna.jpg 800w\" sizes=\"(max-width: 324px) 100vw, 324px\" \/><\/div>\n\t\t\t\t\t<div class=\"wc-block-grid__product-title\">Koszulka Lepszy Tata czarna Premium<\/div>\n\t\t\t\t<\/a>\n\t\t\t\t\n\t\t\t\t<div class=\"wc-block-grid__product-price price\"><span class=\"woocommerce-Price-amount amount\">69,00<span class=\"woocommerce-Price-currencySymbol\">&#122;&#322;<\/span><\/span><\/div>\n\t\t\t\t\n\t\t\t\t<div class=\"wp-block-button wc-block-grid__product-add-to-cart\"><a href=\"https:\/\/lepszytata.ojcowskastronamocy.pl\/?product=koszulka-lepszy-tata-czarna-premium\" aria-label=\"Wybierz opcje dla &bdquo;Koszulka Lepszy Tata czarna Premium&rdquo;\" data-quantity=\"1\" data-product_id=\"360\" data-product_sku=\"LT_czarna_premium\" rel=\"nofollow\" class=\"wp-block-button__link wp-element-button add_to_cart_button\">Wybierz opcje<\/a><\/div>\n\t\t\t<\/li><li class=\"wc-block-grid__product\">\n\t\t\t\t<a href=\"https:\/\/lepszytata.ojcowskastronamocy.pl\/?product=koszulka-lepszy-tata-granatowa-premium\" class=\"wc-block-grid__product-link\">\n\t\t\t\t\t<div class=\"wc-block-grid__product-image\"><img width=\"324\" height=\"324\" src=\"https:\/\/lepszytata.ojcowskastronamocy.pl\/wp-content\/uploads\/2020\/11\/visual_granat-324x324.jpg\" class=\"attachment-woocommerce_thumbnail size-woocommerce_thumbnail\" alt=\"Koszulka Lepszy Tata granatowa Premium\" decoding=\"async\" loading=\"lazy\" srcset=\"https:\/\/lepszytata.ojcowskastronamocy.pl\/wp-content\/uploads\/2020\/11\/visual_granat-324x324.jpg 324w, https:\/\/lepszytata.ojcowskastronamocy.pl\/wp-content\/uploads\/2020\/11\/visual_granat-300x300.jpg 300w, https:\/\/lepszytata.ojcowskastronamocy.pl\/wp-content\/uploads\/2020\/11\/visual_granat-150x150.jpg 150w, https:\/\/lepszytata.ojcowskastronamocy.pl\/wp-content\/uploads\/2020\/11\/visual_granat-768x768.jpg 768w, https:\/\/lepszytata.ojcowskastronamocy.pl\/wp-content\/uploads\/2020\/11\/visual_granat-416x416.jpg 416w, https:\/\/lepszytata.ojcowskastronamocy.pl\/wp-content\/uploads\/2020\/11\/visual_granat-100x100.jpg 100w, https:\/\/lepszytata.ojcowskastronamocy.pl\/wp-content\/uploads\/2020\/11\/visual_granat.jpg 800w\" sizes=\"(max-width: 324px) 100vw, 324px\" \/><\/div>\n\t\t\t\t\t<div class=\"wc-block-grid__product-title\">Koszulka Lepszy Tata granatowa Premium<\/div>\n\t\t\t\t<\/a>\n\t\t\t\t\n\t\t\t\t<div class=\"wc-block-grid__product-price price\"><span class=\"woocommerce-Price-amount amount\">69,00<span class=\"woocommerce-Price-currencySymbol\">&#122;&#322;<\/span><\/span><\/div>\n\t\t\t\t\n\t\t\t\t<div class=\"wp-block-button wc-block-grid__product-add-to-cart\"><a href=\"https:\/\/lepszytata.ojcowskastronamocy.pl\/?product=koszulka-lepszy-tata-granatowa-premium\" aria-label=\"Wybierz opcje dla &bdquo;Koszulka Lepszy Tata granatowa Premium&rdquo;\" data-quantity=\"1\" data-product_id=\"341\" data-product_sku=\"LT_granat_premium\" rel=\"nofollow\" class=\"wp-block-button__link wp-element-button add_to_cart_button\">Wybierz opcje<\/a><\/div>\n\t\t\t<\/li><\/ul><\/div>\n\t\t\t","protected":false},"excerpt":{"rendered":"<p>Kupuj wg kategorii Nowe Ulubione W promocji Bestsellery<\/p>\n","protected":false},"author":1,"featured_media":0,"parent":0,"menu_order":0,"comment_status":"closed","ping_status":"closed","template":"template-fullwidth.php","meta":[],"_links":{"self":[{"href":"https:\/\/lepszytata.ojcowskastronamocy.pl\/index.php?rest_route=\/wp\/v2\/pages\/51"}],"collection":[{"href":"https:\/\/lepszytata.ojcowskastronamocy.pl\/index.php?rest_route=\/wp\/v2\/pages"}],"about":[{"href":"https:\/\/lepszytata.ojcowskastronamocy.pl\/index.php?rest_route=\/wp\/v2\/types\/page"}],"author":[{"embeddable":true,"href":"https:\/\/lepszytata.ojcowskastronamocy.pl\/index.php?rest_route=\/wp\/v2\/users\/1"}],"replies":[{"embeddable":true,"href":"https:\/\/lepszytata.ojcowskastronamocy.pl\/index.php?rest_route=%2Fwp%2Fv2%2Fcomments&post=51"}],"version-history":[{"count":1,"href":"https:\/\/lepszytata.ojcowskastronamocy.pl\/index.php?rest_route=\/wp\/v2\/pages\/51\/revisions"}],"predecessor-version":[{"id":53,"href":"https:\/\/lepszytata.ojcowskastronamocy.pl\/index.php?rest_route=\/wp\/v2\/pages\/51\/revisions\/53"}],"wp:attachment":[{"href":"https:\/\/lepszytata.ojcowskastronamocy.pl\/index.php?rest_route=%2Fwp%2Fv2%2Fmedia&parent=51"}],"curies":[{"name":"wp","href":"https:\/\/api.w.org\/{rel}","templated":true}]}}